{"id":48,"date":"2015-09-07T00:39:15","date_gmt":"2015-09-06T22:39:15","guid":{"rendered":"http:\/\/www.innovapack.eu\/index.php\/azienda-2\/"},"modified":"2024-01-15T12:50:07","modified_gmt":"2024-01-15T11:50:07","slug":"azienda","status":"publish","type":"page","link":"https:\/\/www.innovapack.eu\/es\/azienda\/","title":{"rendered":"Empresa"},"content":{"rendered":"<p>Desde hace m\u00e1s de 30 a\u00f1os INNOVAPACK fabr\u00edca y m\u00e1quinas de impresi\u00f3n. Con los a\u00f1os se ha convertido en el l\u00edder mundial en la impresi\u00f3n de envases para frutas y hortalizas.<\/p>\n<p class=\"p1\"><span class=\"s1\"><a href=\"http:\/\/www.innovapack.eu\/wp-content\/uploads\/2015\/09\/fotoazienda2.jpg\"><img loading=\"lazy\" decoding=\"async\" class=\" img-responsive alignleft wp-image-11 size-medium\" src=\"http:\/\/www.innovapack.eu\/wp-content\/uploads\/2015\/09\/fotoazienda2-300x225.jpg\" alt=\"fotoazienda2\" width=\"300\" height=\"225\" srcset=\"https:\/\/www.innovapack.eu\/wp-content\/uploads\/2015\/09\/fotoazienda2-300x225.jpg 300w, https:\/\/www.innovapack.eu\/wp-content\/uploads\/2015\/09\/fotoazienda2.jpg 400w\" sizes=\"(max-width: 300px) 100vw, 300px\" \/><\/a><\/span><\/p>\n<p>La tradici\u00f3n se apoya en la tecnolog\u00eda m\u00e1s avanzada y, para ser actores en el mercado mundial, a una organizaci\u00f3n empresarial din\u00e1mica y moderna.<\/p>\n<p>La relaci\u00f3n constante con el cliente, el intercambio de informaci\u00f3n necesaria para conseguir los mejores resultados y la atenci\u00f3n que se coloca en el control del trabajo, nos han permitido establecer unas relaciones duraderas de cooperaci\u00f3n con todos nuestros clientes.<\/p>\n<p>En el mercado actual, nuestro objetivo es permitir a nuestros clientes reducir los costos de fabricaci\u00f3n, y mejorar la calidad del producto.<\/p>\n<p class=\"p1\"><span class=\"s1\">\u00a0<\/span><\/p>\n","protected":false},"excerpt":{"rendered":"<p>Desde hace m\u00e1s de 30 a\u00f1os INNOVAPACK fabr\u00edca y m\u00e1quinas de impresi\u00f3n. Con los a\u00f1os se ha convertido en el l\u00edder mundial en la impresi\u00f3n de envases para frutas y hortalizas. La tradici\u00f3n se apoya en la tecnolog\u00eda m\u00e1s avanzada y, para ser actores en el mercado mundial, a una organizaci\u00f3n empresarial din\u00e1mica y moderna. [&hellip;]<\/p>\n","protected":false},"author":1,"featured_media":724,"parent":0,"menu_order":0,"comment_status":"closed","ping_status":"open","template":"","meta":{"_monsterinsights_skip_tracking":false,"_monsterinsights_sitenote_active":false,"_monsterinsights_sitenote_note":"","_monsterinsights_sitenote_category":0,"footnotes":""},"_links":{"self":[{"href":"https:\/\/www.innovapack.eu\/es\/wp-json\/wp\/v2\/pages\/48"}],"collection":[{"href":"https:\/\/www.innovapack.eu\/es\/wp-json\/wp\/v2\/pages"}],"about":[{"href":"https:\/\/www.innovapack.eu\/es\/wp-json\/wp\/v2\/types\/page"}],"author":[{"embeddable":true,"href":"https:\/\/www.innovapack.eu\/es\/wp-json\/wp\/v2\/users\/1"}],"replies":[{"embeddable":true,"href":"https:\/\/www.innovapack.eu\/es\/wp-json\/wp\/v2\/comments?post=48"}],"version-history":[{"count":6,"href":"https:\/\/www.innovapack.eu\/es\/wp-json\/wp\/v2\/pages\/48\/revisions"}],"predecessor-version":[{"id":883,"href":"https:\/\/www.innovapack.eu\/es\/wp-json\/wp\/v2\/pages\/48\/revisions\/883"}],"wp:featuredmedia":[{"embeddable":true,"href":"https:\/\/www.innovapack.eu\/es\/wp-json\/wp\/v2\/media\/724"}],"wp:attachment":[{"href":"https:\/\/www.innovapack.eu\/es\/wp-json\/wp\/v2\/media?parent=48"}],"curies":[{"name":"wp","href":"https:\/\/api.w.org\/{rel}","templated":true}]}}