{"id":55,"date":"2015-09-07T01:06:20","date_gmt":"2015-09-06T23:06:20","guid":{"rendered":"http:\/\/www.innovapack.eu\/index.php\/dove-siamo-2\/"},"modified":"2024-01-09T16:35:38","modified_gmt":"2024-01-09T15:35:38","slug":"dove-siamo","status":"publish","type":"page","link":"https:\/\/www.innovapack.eu\/es\/dove-siamo\/","title":{"rendered":"NUESTRA RED"},"content":{"rendered":"<p>Disponemos de m\u00e1quinas instaladas en todos los continentes.<\/p>\n<p>Estamos en condiciones de suministrar m\u00e1quinas, su instalaci\u00f3n y asistencia en cualquier pa\u00eds del mundo.<\/p>\n    \t<div id=\"map-container\">\r\n        <div id=\"mapdiv\" data-lat=\"7\" data-long=\"2\" data-zoom=\"1\" style=\"width: 100%; background-color:#EEEEEE; height: 500px;\"><\/div>\r\n        <div id=\"desc_overlay\" class=\"animated\">\r\n\t        <h2 class=\"pop_desc_title\"><\/h2><span id=\"ico_close\"><img decoding=\"async\" src=\"https:\/\/www.innovapack.eu\/wp-content\/plugins\/ideal-interactive-map\/img\/close.png\" align=\"middle\" \/><\/span>\r\n\t        <div id=\"overlay-content\"><\/p>\r\n\t        <\/div>\r\n        <\/div>\r\n    \t<\/div>\r\n    \t<div id=\"mapreadmore\">\r\n    \t<\/div> \n","protected":false},"excerpt":{"rendered":"<p>Disponemos de m\u00e1quinas instaladas en todos los continentes. Estamos en condiciones de suministrar m\u00e1quinas, su instalaci\u00f3n y asistencia en cualquier pa\u00eds del mundo.<\/p>\n","protected":false},"author":1,"featured_media":638,"parent":0,"menu_order":0,"comment_status":"closed","ping_status":"open","template":"","meta":{"_monsterinsights_skip_tracking":false,"_monsterinsights_sitenote_active":false,"_monsterinsights_sitenote_note":"","_monsterinsights_sitenote_category":0,"footnotes":""},"_links":{"self":[{"href":"https:\/\/www.innovapack.eu\/es\/wp-json\/wp\/v2\/pages\/55"}],"collection":[{"href":"https:\/\/www.innovapack.eu\/es\/wp-json\/wp\/v2\/pages"}],"about":[{"href":"https:\/\/www.innovapack.eu\/es\/wp-json\/wp\/v2\/types\/page"}],"author":[{"embeddable":true,"href":"https:\/\/www.innovapack.eu\/es\/wp-json\/wp\/v2\/users\/1"}],"replies":[{"embeddable":true,"href":"https:\/\/www.innovapack.eu\/es\/wp-json\/wp\/v2\/comments?post=55"}],"version-history":[{"count":13,"href":"https:\/\/www.innovapack.eu\/es\/wp-json\/wp\/v2\/pages\/55\/revisions"}],"predecessor-version":[{"id":864,"href":"https:\/\/www.innovapack.eu\/es\/wp-json\/wp\/v2\/pages\/55\/revisions\/864"}],"wp:featuredmedia":[{"embeddable":true,"href":"https:\/\/www.innovapack.eu\/es\/wp-json\/wp\/v2\/media\/638"}],"wp:attachment":[{"href":"https:\/\/www.innovapack.eu\/es\/wp-json\/wp\/v2\/media?parent=55"}],"curies":[{"name":"wp","href":"https:\/\/api.w.org\/{rel}","templated":true}]}}