{"id":68,"date":"2015-09-07T00:58:39","date_gmt":"2015-09-06T22:58:39","guid":{"rendered":"http:\/\/www.innovapack.eu\/index.php\/qualita-2\/"},"modified":"2024-01-08T02:31:04","modified_gmt":"2024-01-08T01:31:04","slug":"qualita","status":"publish","type":"page","link":"https:\/\/www.innovapack.eu\/es\/qualita\/","title":{"rendered":"Calidad"},"content":{"rendered":"<p>Todas nuestras m\u00e1quinas son 100% Hechas en Italia,<\/p>\n<p class=\"p1\">Toda la cadena de producci\u00f3n es italiana y fiel a r\u00edgidos est\u00e1ndares de calidad.<\/p>\n<p class=\"p1\"><span class=\"s1\"><a href=\"http:\/\/www.innovapack.eu\/wp-content\/uploads\/2015\/09\/produzione1.jpg\"><img loading=\"lazy\" decoding=\"async\" class=\" size-medium wp-image-15 img-responsive alignleft\" src=\"http:\/\/www.innovapack.eu\/wp-content\/uploads\/2015\/09\/produzione1-300x225.jpg\" alt=\"produzione1\" width=\"300\" height=\"225\" srcset=\"https:\/\/www.innovapack.eu\/wp-content\/uploads\/2015\/09\/produzione1-300x225.jpg 300w, https:\/\/www.innovapack.eu\/wp-content\/uploads\/2015\/09\/produzione1.jpg 400w\" sizes=\"(max-width: 300px) 100vw, 300px\" \/><\/a>En nuestra f\u00e1brica del municipio de Monterubbiano, dedicada exclusivamente al montaje, realizamos todas las operaciones de montaje de los detalles mec\u00e1nicos y electr\u00f3nicos de nuestras m\u00e1quinas de impresi\u00f3n, hasta las pruebas finales, antes del env\u00edo.<\/span><\/p>\n<p>Innovapack siempre ha cre\u00eddo en la importancia de la investigaci\u00f3n y el desarrollo.<\/p>\n<p>El departamento de dise\u00f1o e investigaci\u00f3n de Innovapack est\u00e1 formado por ingenieros que trabajan continuamente en el desarrollo de soluciones innovadoras para aplicar al sector del embalaje de madera para frutas y hortalizas.<\/p>\n<p>Este departamento tambi\u00e9n se ocupa de la pol\u00edtica de propiedad intelectual-industrial y de innovaci\u00f3n de la empresa.<\/p>\n<p class=\"p1\">\n","protected":false},"excerpt":{"rendered":"<p>Todas nuestras m\u00e1quinas son 100% Hechas en Italia, Toda la cadena de producci\u00f3n es italiana y fiel a r\u00edgidos est\u00e1ndares de calidad. En nuestra f\u00e1brica del municipio de Monterubbiano, dedicada exclusivamente al montaje, realizamos todas las operaciones de montaje de los detalles mec\u00e1nicos y electr\u00f3nicos de nuestras m\u00e1quinas de impresi\u00f3n, hasta las pruebas finales, antes [&hellip;]<\/p>\n","protected":false},"author":1,"featured_media":0,"parent":0,"menu_order":0,"comment_status":"closed","ping_status":"open","template":"","meta":{"_monsterinsights_skip_tracking":false,"_monsterinsights_sitenote_active":false,"_monsterinsights_sitenote_note":"","_monsterinsights_sitenote_category":0,"footnotes":""},"_links":{"self":[{"href":"https:\/\/www.innovapack.eu\/es\/wp-json\/wp\/v2\/pages\/68"}],"collection":[{"href":"https:\/\/www.innovapack.eu\/es\/wp-json\/wp\/v2\/pages"}],"about":[{"href":"https:\/\/www.innovapack.eu\/es\/wp-json\/wp\/v2\/types\/page"}],"author":[{"embeddable":true,"href":"https:\/\/www.innovapack.eu\/es\/wp-json\/wp\/v2\/users\/1"}],"replies":[{"embeddable":true,"href":"https:\/\/www.innovapack.eu\/es\/wp-json\/wp\/v2\/comments?post=68"}],"version-history":[{"count":5,"href":"https:\/\/www.innovapack.eu\/es\/wp-json\/wp\/v2\/pages\/68\/revisions"}],"predecessor-version":[{"id":559,"href":"https:\/\/www.innovapack.eu\/es\/wp-json\/wp\/v2\/pages\/68\/revisions\/559"}],"wp:attachment":[{"href":"https:\/\/www.innovapack.eu\/es\/wp-json\/wp\/v2\/media?parent=68"}],"curies":[{"name":"wp","href":"https:\/\/api.w.org\/{rel}","templated":true}]}}