{"id":203,"date":"2015-09-07T19:37:27","date_gmt":"2015-09-07T17:37:27","guid":{"rendered":"http:\/\/www.innovapack.eu\/index.php\/macchina-da-stampa-per-cassette-da-frutta-2\/"},"modified":"2024-01-08T02:21:36","modified_gmt":"2024-01-08T01:21:36","slug":"macchina-da-stampa-per-cassette-da-frutta","status":"publish","type":"page","link":"https:\/\/www.innovapack.eu\/fr\/macchina-da-stampa-per-cassette-da-frutta\/","title":{"rendered":"Machine pour l&rsquo;impression des emballages en bois \/ cassettes de fuit et legumes"},"content":{"rendered":"<p><img loading=\"lazy\" decoding=\"async\" class=\" img-responsive alignleft wp-image-180\" src=\"http:\/\/www.innovapack.eu\/wp-content\/uploads\/2015\/09\/airflex.jpg\" alt=\"airflex\" width=\"500\" height=\"379\" srcset=\"https:\/\/www.innovapack.eu\/wp-content\/uploads\/2015\/09\/airflex.jpg 742w, https:\/\/www.innovapack.eu\/wp-content\/uploads\/2015\/09\/airflex-300x227.jpg 300w\" sizes=\"(max-width: 500px) 100vw, 500px\" \/>AIRFLEX \u00e8 la prima linea da stampa industriale brevettata con matrice flexografica diretta su foglio movimentato da nastro aspirante. Idonea per la stampa su imballaggi ortofrutticoli e\/o industriali in genere.<\/p>\n<p>AIRFLEX, di concetto rivoluzionario, incorpora i progressi pi\u00f9 recenti nella tecnologia flexografica per offrirvi una stampa di alta qualit\u00e0, in linea a pi\u00f9 colori (inclusa la lucidatura U.v.) su fogli di vario materiale (fibra-legno, MDF, compensato, cartone, ecc.) utilizzando inchiostri a rapida essiccazione ed ecologici, del tipo ad acqua.<\/p>\n<p>&nbsp;<\/p>\n<p>&nbsp;<\/p>\n<p>&nbsp;<\/p>\n<p><strong><img loading=\"lazy\" decoding=\"async\" class=\"img-responsive alignright wp-image-187\" src=\"http:\/\/www.innovapack.eu\/wp-content\/uploads\/2015\/09\/caricatore.jpg\" alt=\"caricatore\" width=\"380\" height=\"279\" srcset=\"https:\/\/www.innovapack.eu\/wp-content\/uploads\/2015\/09\/caricatore.jpg 581w, https:\/\/www.innovapack.eu\/wp-content\/uploads\/2015\/09\/caricatore-300x220.jpg 300w\" sizes=\"(max-width: 380px) 100vw, 380px\" \/>Gruppo caricatore &#8211; introduttore autocentrante\u00a0<\/strong><\/p>\n<p><strong>Spazzola per pulizia fogli<\/strong><\/p>\n<p><strong>Apparecchiatura trasporto fogli sincronizzata<\/strong><\/p>\n<p><strong>VELOCITA&rsquo;: 8500 fogli \/ ora<\/strong><\/p>\n<p><strong>Clich\u00e9 da usare in fotopolimero<\/strong><\/p>\n<p><strong>Sistema di compensazione\u00a0calibratura fogli da stampare<\/strong><\/p>\n<p><strong>Ridondanza elettronica per garantire il\u00a0pi\u00f9 alto grado di affidabilit\u00e0<\/strong><\/p>\n<p><strong>Camera scorrimento inchiostro chiusa con doppia racla\u00a0facilmente asportabile<\/strong><\/p>\n<p><strong>Cilindro inciso facilmente sostituibile<\/strong><\/p>\n<p><strong><a href=\"http:\/\/www.innovapack.eu\/wp-content\/uploads\/2015\/09\/manica.jpg\"><img loading=\"lazy\" decoding=\"async\" class=\" size-full wp-image-184 img-responsive alignleft\" src=\"http:\/\/www.innovapack.eu\/wp-content\/uploads\/2015\/09\/manica.jpg\" alt=\"manica\" width=\"171\" height=\"290\" \/><\/a>Cambio rapido clich\u00e9 grazie al cilindro porta clich\u00e9 \u00ab\u00a0ad aria\u00a0\u00bb<br \/>\n<\/strong>con la sola pressione dell&rsquo;aria (senza l&rsquo;ausilio di alcun strumento) permette di inserire e togliere le maniche portaclich\u00e9. Allo stesso modo, con altrettanta rapidit\u00e0 e senza l&rsquo;ausilio di alcuno strumento viene liberato dal supporto di sostegno laterale per consentire il passaggio della relativa manica portaclich\u00e9.<br \/>\n<span style=\"text-decoration: underline;\">In questo modo i clich\u00e9 si possono montare\u00a0fuori macchina, mentre la macchina \u00e8 in funzione.<\/span><\/p>\n<p><strong>Lavaggio automatico dei gruppi con macchina al lavoro<\/strong><\/p>\n<p><strong>Dispositivo di stacco automatico inchiostrazione clich\u00e9<\/strong><\/p>\n<p><strong>Regolazioni motorizzate delle pressioni dei rulli contro stampa (sincronizzate ed a registro indipendente) con lettura su scala al decimo di millimetro visualizzata sul monitor posto su pannello comando<\/strong><\/p>\n<p><strong><img loading=\"lazy\" decoding=\"async\" class=\" img-responsive alignleft wp-image-192 size-medium\" src=\"http:\/\/www.innovapack.eu\/wp-content\/uploads\/2015\/09\/pannello-275x300.jpg\" alt=\"pannello\" width=\"275\" height=\"300\" srcset=\"https:\/\/www.innovapack.eu\/wp-content\/uploads\/2015\/09\/pannello-275x300.jpg 275w, https:\/\/www.innovapack.eu\/wp-content\/uploads\/2015\/09\/pannello.jpg 400w\" sizes=\"(max-width: 275px) 100vw, 275px\" \/>PERFETTO SINCRONISMO E MASSIMA AFFIDABILITA&rsquo;<\/strong><\/p>\n<p><strong>Messa a registro colori:<\/strong><\/p>\n<p>A) In senso orario &#8211; antiorario motorizzata, con possibilit\u00e0 di scrittura e visualizzazione al decimo di millimetro dei fasamenti di ogni singolo colore sul monitor touch screen.<br \/>\nB) In senso assiale a mezzo dispositivo meccanico<br \/>\nC) Correzione elettronica dell\u2019allungamento del clich\u00e8.<\/p>\n<p>A-B-C) Questi dispositivi che possono essere azionati anche con macchina in corso di stampa assicurano una rapida e perfetta centratura dei vari colori<\/p>\n<p>OPTIONALS<\/p>\n<ul>\n<li>Asciugatori a fine stampa e\/o fra i gruppi (aria calda &#8211; infrarossi &#8211; UV)<\/li>\n<li>Aspiratori<\/li>\n<li>Raccoglitore<\/li>\n<li>Correzione elettronica dell\u2019allungamento del clich\u00e8.<\/li>\n<\/ul>\n<p>GUARDA IL VIDEO DELLA MACCHINA<\/p>\n<a id=\"69fb26805c5b0\" rel=\"wp-video-lightbox\" href=\"https:\/\/vimeo.com\/8295032?width=1000&#038;height=450\" title=\"\"><div class=\"wpvl_auto_thumb_box_wrapper\"><div class=\"wpvl_auto_thumb_box\"><img decoding=\"async\" src=\"https:\/\/i.vimeocdn.com\/video\/38286489-cb55a5cd4c31627600f2218da20058349bcf6011169a687829fbebdd987e7675-d_640?region=us\" class=\"video_lightbox_auto_anchor_image\" alt=\"\" \/><div class=\"wpvl_auto_thumb_play\"><img decoding=\"async\" src=\"https:\/\/www.innovapack.eu\/wp-content\/plugins\/wp-video-lightbox\/images\/play.png\" class=\"wpvl_playbutton\" \/><\/div><\/div><\/div><\/a>    <script>\r\n    \/* <![CDATA[ *\/\r\n    jQuery(document).ready(function($){\r\n        $(function(){\r\n            var width = $(window).innerWidth();\r\n            var setwidth = parseFloat(1000);\r\n            var ratio = parseFloat(0.45);\r\n            var height = parseFloat(450);\r\n            var link = 'https:\/\/vimeo.com\/8295032?width=1000&amp;height=450';\r\n            if(width < setwidth)\r\n            {\r\n                height = Math.floor(width * 0.45);\r\n                \/\/console.log(\"device width \"+width+\", set width \"+1000+\", ratio \"+0.45+\", new height \"+ height);\r\n                var new_url = wpvl_paramReplace('width', link, width);\r\n                var new_url = wpvl_paramReplace('height', new_url, height);\r\n                $(\"a#69fb26805c5b0\").attr('href', new_url);\r\n                \/\/console.log(new_url);\r\n            }\r\n        });\r\n    });\r\n    \/* ]]> *\/\r\n    <\/script>\n","protected":false},"excerpt":{"rendered":"<p>AIRFLEX \u00e8 la prima linea da stampa industriale brevettata con matrice flexografica diretta su foglio movimentato da nastro aspirante. Idonea per la stampa su imballaggi ortofrutticoli e\/o industriali in genere. AIRFLEX, di concetto rivoluzionario, incorpora i progressi pi\u00f9 recenti nella tecnologia flexografica per offrirvi una stampa di alta qualit\u00e0, in linea a pi\u00f9 colori (inclusa [&hellip;]<\/p>\n","protected":false},"author":1,"featured_media":6,"parent":0,"menu_order":0,"comment_status":"closed","ping_status":"open","template":"","meta":{"_monsterinsights_skip_tracking":false,"_monsterinsights_sitenote_active":false,"_monsterinsights_sitenote_note":"","_monsterinsights_sitenote_category":0,"footnotes":""},"_links":{"self":[{"href":"https:\/\/www.innovapack.eu\/fr\/wp-json\/wp\/v2\/pages\/203"}],"collection":[{"href":"https:\/\/www.innovapack.eu\/fr\/wp-json\/wp\/v2\/pages"}],"about":[{"href":"https:\/\/www.innovapack.eu\/fr\/wp-json\/wp\/v2\/types\/page"}],"author":[{"embeddable":true,"href":"https:\/\/www.innovapack.eu\/fr\/wp-json\/wp\/v2\/users\/1"}],"replies":[{"embeddable":true,"href":"https:\/\/www.innovapack.eu\/fr\/wp-json\/wp\/v2\/comments?post=203"}],"version-history":[{"count":7,"href":"https:\/\/www.innovapack.eu\/fr\/wp-json\/wp\/v2\/pages\/203\/revisions"}],"predecessor-version":[{"id":553,"href":"https:\/\/www.innovapack.eu\/fr\/wp-json\/wp\/v2\/pages\/203\/revisions\/553"}],"wp:featuredmedia":[{"embeddable":true,"href":"https:\/\/www.innovapack.eu\/fr\/wp-json\/wp\/v2\/media\/6"}],"wp:attachment":[{"href":"https:\/\/www.innovapack.eu\/fr\/wp-json\/wp\/v2\/media?parent=203"}],"curies":[{"name":"wp","href":"https:\/\/api.w.org\/{rel}","templated":true}]}}