{"id":257,"date":"2015-09-07T20:57:26","date_gmt":"2015-09-07T18:57:26","guid":{"rendered":"http:\/\/www.innovapack.eu\/index.php\/video-2\/"},"modified":"2024-01-12T20:07:27","modified_gmt":"2024-01-12T19:07:27","slug":"video","status":"publish","type":"page","link":"https:\/\/www.innovapack.eu\/fr\/video\/","title":{"rendered":"Video"},"content":{"rendered":"<div align=\"center\">VIDEO MACHINE D&rsquo;IMPRESION \u00a0INNOVAPACK &#8211; INNOVAPAC AIRFLEX GL<\/div>\n<div align=\"center\">Impresi\u00f2n sur feuilles de MDF, contreplaqu\u00e9, tablet. Impresi\u00f2n pour caisses en bois pour fruit et legumes, Hu\u00eetres, fruits de mer<\/div>\n<div align=\"center\"><\/div>\n<div align=\"center\"><\/div>\n<div align=\"center\"><a id=\"69fb29db041f1\" rel=\"wp-video-lightbox\" href=\"https:\/\/vimeo.com\/8295032?width=800&#038;height=500\" title=\"\"><div class=\"wpvl_auto_thumb_box_wrapper\"><div class=\"wpvl_auto_thumb_box\"><img decoding=\"async\" src=\"https:\/\/i.vimeocdn.com\/video\/38286489-cb55a5cd4c31627600f2218da20058349bcf6011169a687829fbebdd987e7675-d_640?region=us\" class=\"video_lightbox_auto_anchor_image\" alt=\"\" \/><div class=\"wpvl_auto_thumb_play\"><img decoding=\"async\" src=\"https:\/\/www.innovapack.eu\/wp-content\/plugins\/wp-video-lightbox\/images\/play.png\" class=\"wpvl_playbutton\" \/><\/div><\/div><\/div><\/a>    <script>\r\n    \/* <![CDATA[ *\/\r\n    jQuery(document).ready(function($){\r\n        $(function(){\r\n            var width = $(window).innerWidth();\r\n            var setwidth = parseFloat(800);\r\n            var ratio = parseFloat(0.625);\r\n            var height = parseFloat(500);\r\n            var link = 'https:\/\/vimeo.com\/8295032?width=800&amp;height=500';\r\n            if(width < setwidth)\r\n            {\r\n                height = Math.floor(width * 0.625);\r\n                \/\/console.log(\"device width \"+width+\", set width \"+800+\", ratio \"+0.625+\", new height \"+ height);\r\n                var new_url = wpvl_paramReplace('width', link, width);\r\n                var new_url = wpvl_paramReplace('height', new_url, height);\r\n                $(\"a#69fb29db041f1\").attr('href', new_url);\r\n                \/\/console.log(new_url);\r\n            }\r\n        });\r\n    });\r\n    \/* ]]> *\/\r\n    <\/script><\/div>\n<div align=\"center\"><\/div>\n","protected":false},"excerpt":{"rendered":"<p>VIDEO MACHINE D&rsquo;IMPRESION \u00a0INNOVAPACK &#8211; INNOVAPAC AIRFLEX GL Impresi\u00f2n sur feuilles de MDF, contreplaqu\u00e9, tablet. Impresi\u00f2n pour caisses en bois pour fruit et legumes, Hu\u00eetres, fruits de mer<\/p>\n","protected":false},"author":1,"featured_media":628,"parent":0,"menu_order":0,"comment_status":"closed","ping_status":"open","template":"","meta":{"_monsterinsights_skip_tracking":false,"_monsterinsights_sitenote_active":false,"_monsterinsights_sitenote_note":"","_monsterinsights_sitenote_category":0,"footnotes":""},"_links":{"self":[{"href":"https:\/\/www.innovapack.eu\/fr\/wp-json\/wp\/v2\/pages\/257"}],"collection":[{"href":"https:\/\/www.innovapack.eu\/fr\/wp-json\/wp\/v2\/pages"}],"about":[{"href":"https:\/\/www.innovapack.eu\/fr\/wp-json\/wp\/v2\/types\/page"}],"author":[{"embeddable":true,"href":"https:\/\/www.innovapack.eu\/fr\/wp-json\/wp\/v2\/users\/1"}],"replies":[{"embeddable":true,"href":"https:\/\/www.innovapack.eu\/fr\/wp-json\/wp\/v2\/comments?post=257"}],"version-history":[{"count":11,"href":"https:\/\/www.innovapack.eu\/fr\/wp-json\/wp\/v2\/pages\/257\/revisions"}],"predecessor-version":[{"id":873,"href":"https:\/\/www.innovapack.eu\/fr\/wp-json\/wp\/v2\/pages\/257\/revisions\/873"}],"wp:featuredmedia":[{"embeddable":true,"href":"https:\/\/www.innovapack.eu\/fr\/wp-json\/wp\/v2\/media\/628"}],"wp:attachment":[{"href":"https:\/\/www.innovapack.eu\/fr\/wp-json\/wp\/v2\/media?parent=257"}],"curies":[{"name":"wp","href":"https:\/\/api.w.org\/{rel}","templated":true}]}}