{"id":47,"date":"2015-09-07T00:39:15","date_gmt":"2015-09-06T22:39:15","guid":{"rendered":"http:\/\/www.innovapack.eu\/index.php\/azienda-2\/"},"modified":"2024-01-15T12:49:53","modified_gmt":"2024-01-15T11:49:53","slug":"azienda","status":"publish","type":"page","link":"https:\/\/www.innovapack.eu\/fr\/azienda\/","title":{"rendered":"Entreprise"},"content":{"rendered":"<p>Depuis plus de 30 ans INNOVAPACK con\u00e7oit et construit des machines d&rsquo;impression. Au fur des ans cette entreprise est devenue un leader mondial dans l&rsquo;impression des emballages de fruits et l\u00e9gumes.<\/p>\n<p class=\"p1\"><span class=\"s1\"><a href=\"http:\/\/www.innovapack.eu\/wp-content\/uploads\/2015\/09\/fotoazienda2.jpg\"><img loading=\"lazy\" decoding=\"async\" class=\" img-responsive alignleft wp-image-11 size-medium\" src=\"http:\/\/www.innovapack.eu\/wp-content\/uploads\/2015\/09\/fotoazienda2-300x225.jpg\" alt=\"fotoazienda2\" width=\"300\" height=\"225\" srcset=\"https:\/\/www.innovapack.eu\/wp-content\/uploads\/2015\/09\/fotoazienda2-300x225.jpg 300w, https:\/\/www.innovapack.eu\/wp-content\/uploads\/2015\/09\/fotoazienda2.jpg 400w\" sizes=\"(max-width: 300px) 100vw, 300px\" \/><\/a><\/span><\/p>\n<p>La tradition est soutenue par la technologie professionnelle et ,le perfectionnement, pour \u00eatre protagoniste sur le march\u00e9 mondial, en outre nous avons aussi une forte organisation commerciale , dynamique et moderne.<\/p>\n<p>La relation constante avec le client, l&rsquo;\u00e9change d&rsquo;informations n\u00e9cessaires pour obtenir les meilleurs r\u00e9sultats et les soins effectu\u00e9s dans le contr\u00f4le du travail nous ont permis d&rsquo;\u00e9tablir des relations durables de coop\u00e9ration avec tous nos clients.<\/p>\n<p>Dans le march\u00e9 actuel , notre objectif est de permettre \u00e0 nos clients de r\u00e9duire les co\u00fbts de fabrication, et am\u00e9liorer la qualit\u00e9 du produit.<\/p>\n<p class=\"p1\"><span class=\"s1\">\u00a0<\/span><\/p>\n","protected":false},"excerpt":{"rendered":"<p>Depuis plus de 30 ans INNOVAPACK con\u00e7oit et construit des machines d&rsquo;impression. Au fur des ans cette entreprise est devenue un leader mondial dans l&rsquo;impression des emballages de fruits et l\u00e9gumes. La tradition est soutenue par la technologie professionnelle et ,le perfectionnement, pour \u00eatre protagoniste sur le march\u00e9 mondial, en outre nous avons aussi une [&hellip;]<\/p>\n","protected":false},"author":1,"featured_media":723,"parent":0,"menu_order":0,"comment_status":"closed","ping_status":"open","template":"","meta":{"_monsterinsights_skip_tracking":false,"_monsterinsights_sitenote_active":false,"_monsterinsights_sitenote_note":"","_monsterinsights_sitenote_category":0,"footnotes":""},"_links":{"self":[{"href":"https:\/\/www.innovapack.eu\/fr\/wp-json\/wp\/v2\/pages\/47"}],"collection":[{"href":"https:\/\/www.innovapack.eu\/fr\/wp-json\/wp\/v2\/pages"}],"about":[{"href":"https:\/\/www.innovapack.eu\/fr\/wp-json\/wp\/v2\/types\/page"}],"author":[{"embeddable":true,"href":"https:\/\/www.innovapack.eu\/fr\/wp-json\/wp\/v2\/users\/1"}],"replies":[{"embeddable":true,"href":"https:\/\/www.innovapack.eu\/fr\/wp-json\/wp\/v2\/comments?post=47"}],"version-history":[{"count":4,"href":"https:\/\/www.innovapack.eu\/fr\/wp-json\/wp\/v2\/pages\/47\/revisions"}],"predecessor-version":[{"id":882,"href":"https:\/\/www.innovapack.eu\/fr\/wp-json\/wp\/v2\/pages\/47\/revisions\/882"}],"wp:featuredmedia":[{"embeddable":true,"href":"https:\/\/www.innovapack.eu\/fr\/wp-json\/wp\/v2\/media\/723"}],"wp:attachment":[{"href":"https:\/\/www.innovapack.eu\/fr\/wp-json\/wp\/v2\/media?parent=47"}],"curies":[{"name":"wp","href":"https:\/\/api.w.org\/{rel}","templated":true}]}}